{"id":1468,"date":"2024-02-21T12:49:53","date_gmt":"2024-02-21T11:49:53","guid":{"rendered":"https:\/\/seonatic.com\/hr\/?page_id=1468"},"modified":"2024-02-21T12:49:53","modified_gmt":"2024-02-21T11:49:53","slug":"web-kolacici","status":"publish","type":"page","link":"https:\/\/seonatic.com\/hr\/web-kolacici\/","title":{"rendered":"Web kola\u010di\u0107i"},"content":{"rendered":"\t\t<div data-elementor-type=\"wp-page\" data-elementor-id=\"1468\" class=\"elementor elementor-1468\" data-elementor-post-type=\"page\">\n\t\t\t\t\t\t<section class=\"elementor-section elementor-top-section elementor-element elementor-element-174de3f elementor-section-boxed elementor-section-height-default elementor-section-height-default\" data-id=\"174de3f\" data-element_type=\"section\">\n\t\t\t\t\t\t<div class=\"elementor-container elementor-column-gap-default\">\n\t\t\t\t\t<div class=\"elementor-column elementor-col-100 elementor-top-column elementor-element elementor-element-4b35c42\" data-id=\"4b35c42\" data-element_type=\"column\">\n\t\t\t<div class=\"elementor-widget-wrap elementor-element-populated\">\n\t\t\t\t\t\t<div class=\"elementor-element elementor-element-54a6bd6 elementor-widget elementor-widget-text-editor\" data-id=\"54a6bd6\" data-element_type=\"widget\" data-widget_type=\"text-editor.default\">\n\t\t\t\t<div class=\"elementor-widget-container\">\n\t\t\t\t\t\t\t\t\t<h1>Web kola\u010di\u0107i<\/h1><p>Ova politika kola\u010di\u0107a odnosi se na web mjesto koje upravlja Seonatic. Ova politika opisuje kako koristimo kola\u010di\u0107e na na\u0161oj web stranici.<\/p><h2>\u0160to su kola\u010di\u0107i?<\/h2><p>Kola\u010di\u0107i su male tekstualne datoteke koje se postavljaju na va\u0161e ra\u010dunalo ili mobilni ure\u0111aj kada posjetite na\u0161u web stranicu.<br \/>Koriste se za pohranu i primanje identifikatora i drugih informacija na ure\u0111ajima. Poma\u017eu nam da zapamtimo va\u0161e preference, razumijemo kako se na\u0161a web stranica koristi i prilagodimo na\u0161 sadr\u017eaj va\u0161im potrebama.<\/p><h2>Vrste kola\u010di\u0107a koje koristimo<\/h2><p>Sesiji kola\u010di\u0107i: To su privremeni kola\u010di\u0107i koji ostaju u datoteci kola\u010di\u0107a va\u0161eg preglednika dok ne napustite na\u0161u web stranicu.<br \/>Trajni kola\u010di\u0107i: Oni ostaju u datoteci kola\u010di\u0107a va\u0161eg preglednika mnogo dulje, \u010dak i nakon \u0161to napustite na\u0161u web stranicu. Koliko dugo ti kola\u010di\u0107i ostaju na va\u0161em ure\u0111aju ovisi o &#8220;\u017eivotnom vijeku&#8221; odre\u0111enog kola\u010di\u0107a i postavkama va\u0161eg preglednika.<br \/>Kola\u010di\u0107i za rad: Ti kola\u010di\u0107i prikupljaju anonimne informacije o posje\u0107enim stranicama.<br \/>Funkcionalni kola\u010di\u0107i: Ti kola\u010di\u0107i zapamte izbore koje napravite kako bi pobolj\u0161ali va\u0161e iskustvo.<\/p><h2>Za\u0161to koristimo kola\u010di\u0107e<\/h2><p>Kola\u010di\u0107e koristimo iz vi\u0161e razloga. Omogu\u0107avaju nam da osiguramo bolje funkcioniranje i korisni\u010dko iskustvo na na\u0161oj web stranici. Me\u0111u ostalim, poma\u017eu pratiti va\u0161e interakcije s na\u0161om web stranicom i omogu\u0107avaju nam prilago\u0111avanje sadr\u017eaja koji vam je prikazan, na temelju va\u0161ih preferencija.<\/p><p>Osim toga, kola\u010di\u0107i poma\u017eu u osiguravanju sigurnosti na\u0161e web stranice i omogu\u0107avaju odre\u0111ene funkcionalnosti, kao \u0161to su prijava na ra\u010dun i dodavanje proizvoda u ko\u0161aricu.<\/p><p>Pomo\u0107u kola\u010di\u0107a mo\u017eemo tako\u0111er analizirati posje\u0107enost na\u0161e web stranice i u\u010dinkovitost na\u0161ih marketin\u0161kih napora.<\/p>\t\t\t\t\t\t\t\t<\/div>\n\t\t\t\t<\/div>\n\t\t\t\t\t<\/div>\n\t\t<\/div>\n\t\t\t\t\t<\/div>\n\t\t<\/section>\n\t\t\t\t<\/div>\n\t\t","protected":false},"excerpt":{"rendered":"<p>Web kola\u010di\u0107i Ova politika kola\u010di\u0107a odnosi se na web mjesto koje upravlja Seonatic. Ova politika opisuje kako koristimo kola\u010di\u0107e na na\u0161oj web stranici. \u0160to su kola\u010di\u0107i? Kola\u010di\u0107i su male tekstualne datoteke koje se postavljaju na va\u0161e ra\u010dunalo ili mobilni ure\u0111aj kada posjetite na\u0161u web stranicu.Koriste se za pohranu i primanje identifikatora i drugih informacija na [&hellip;]<\/p>\n","protected":false},"author":1,"featured_media":0,"parent":0,"menu_order":0,"comment_status":"closed","ping_status":"closed","template":"","meta":{"site-sidebar-layout":"no-sidebar","site-content-layout":"page-builder","ast-site-content-layout":"full-width-container","site-content-style":"unboxed","site-sidebar-style":"unboxed","ast-global-header-display":"","ast-banner-title-visibility":"","ast-main-header-display":"","ast-hfb-above-header-display":"","ast-hfb-below-header-display":"","ast-hfb-mobile-header-display":"","site-post-title":"disabled","ast-breadcrumbs-content":"","ast-featured-img":"disabled","footer-sml-layout":"","theme-transparent-header-meta":"default","adv-header-id-meta":"","stick-header-meta":"","header-above-stick-meta":"","header-main-stick-meta":"","header-below-stick-meta":"","astra-migrate-meta-layouts":"set","ast-page-background-enabled":"default","ast-page-background-meta":{"desktop":{"background-color":"var(--ast-global-color-4)","background-image":"","background-repeat":"repeat","background-position":"center center","background-size":"auto","background-attachment":"scroll","background-type":"","background-media":"","overlay-type":"","overlay-color":"","overlay-opacity":"","overlay-gradient":""},"tablet":{"background-color":"","background-image":"","background-repeat":"repeat","background-position":"center center","background-size":"auto","background-attachment":"scroll","background-type":"","background-media":"","overlay-type":"","overlay-color":"","overlay-opacity":"","overlay-gradient":""},"mobile":{"background-color":"","background-image":"","background-repeat":"repeat","background-position":"center center","background-size":"auto","background-attachment":"scroll","background-type":"","background-media":"","overlay-type":"","overlay-color":"","overlay-opacity":"","overlay-gradient":""}},"ast-content-background-meta":{"desktop":{"background-color":"var(--ast-global-color-5)","background-image":"","background-repeat":"repeat","background-position":"center center","background-size":"auto","background-attachment":"scroll","background-type":"","background-media":"","overlay-type":"","overlay-color":"","overlay-opacity":"","overlay-gradient":""},"tablet":{"background-color":"var(--ast-global-color-5)","background-image":"","background-repeat":"repeat","background-position":"center center","background-size":"auto","background-attachment":"scroll","background-type":"","background-media":"","overlay-type":"","overlay-color":"","overlay-opacity":"","overlay-gradient":""},"mobile":{"background-color":"var(--ast-global-color-5)","background-image":"","background-repeat":"repeat","background-position":"center center","background-size":"auto","background-attachment":"scroll","background-type":"","background-media":"","overlay-type":"","overlay-color":"","overlay-opacity":"","overlay-gradient":""}},"footnotes":""},"class_list":["post-1468","page","type-page","status-publish","hentry"],"yoast_head":"<!-- This site is optimized with the Yoast SEO Premium plugin v22.0 (Yoast SEO v24.2) - https:\/\/yoast.com\/wordpress\/plugins\/seo\/ -->\n<title>Web kola\u010di\u0107i | Digitalna Marketin\u0161ka Agencija Seonatic<\/title>\n<meta name=\"description\" content=\"Ova politika kola\u010di\u0107a odnosi se na web mjesto koje upravlja Seonatic. Ova politika opisuje kako koristimo kola\u010di\u0107e na na\u0161oj web stranici.\" \/>\n<meta name=\"robots\" content=\"index, follow, max-snippet:-1, max-image-preview:large, max-video-preview:-1\" \/>\n<link rel=\"canonical\" href=\"https:\/\/seonatic.com\/hr\/web-kolacici\/\" \/>\n<meta property=\"og:locale\" content=\"hr_HR\" \/>\n<meta property=\"og:type\" content=\"article\" \/>\n<meta property=\"og:title\" content=\"Web kola\u010di\u0107i\" \/>\n<meta property=\"og:description\" content=\"Ova politika kola\u010di\u0107a odnosi se na web mjesto koje upravlja Seonatic. Ova politika opisuje kako koristimo kola\u010di\u0107e na na\u0161oj web stranici.\" \/>\n<meta property=\"og:url\" content=\"https:\/\/seonatic.com\/hr\/web-kolacici\/\" \/>\n<meta property=\"og:site_name\" content=\"Digitalna Marketin\u0161ka Agencija Seonatic\" \/>\n<meta property=\"og:image\" content=\"https:\/\/seonatic.com\/hr\/wp-content\/uploads\/2023\/09\/Oglasevalska-agencija-za-digitalni-marketing.png\" \/>\n\t<meta property=\"og:image:width\" content=\"1200\" \/>\n\t<meta property=\"og:image:height\" content=\"800\" \/>\n\t<meta property=\"og:image:type\" content=\"image\/png\" \/>\n<meta name=\"twitter:card\" content=\"summary_large_image\" \/>\n<meta name=\"twitter:label1\" content=\"Procijenjeno vrijeme \u010ditanja\" \/>\n\t<meta name=\"twitter:data1\" content=\"2 minute\" \/>\n<script type=\"application\/ld+json\" class=\"yoast-schema-graph\">{\"@context\":\"https:\/\/schema.org\",\"@graph\":[{\"@type\":\"WebPage\",\"@id\":\"https:\/\/seonatic.com\/hr\/web-kolacici\/\",\"url\":\"https:\/\/seonatic.com\/hr\/web-kolacici\/\",\"name\":\"Web kola\u010di\u0107i | Digitalna Marketin\u0161ka Agencija Seonatic\",\"isPartOf\":{\"@id\":\"https:\/\/seonatic.com\/hr\/#website\"},\"datePublished\":\"2024-02-21T11:49:53+00:00\",\"dateModified\":\"2024-02-21T11:49:53+00:00\",\"description\":\"Ova politika kola\u010di\u0107a odnosi se na web mjesto koje upravlja Seonatic. Ova politika opisuje kako koristimo kola\u010di\u0107e na na\u0161oj web stranici.\",\"breadcrumb\":{\"@id\":\"https:\/\/seonatic.com\/hr\/web-kolacici\/#breadcrumb\"},\"inLanguage\":\"hr\",\"potentialAction\":[{\"@type\":\"ReadAction\",\"target\":[\"https:\/\/seonatic.com\/hr\/web-kolacici\/\"]}]},{\"@type\":\"BreadcrumbList\",\"@id\":\"https:\/\/seonatic.com\/hr\/web-kolacici\/#breadcrumb\",\"itemListElement\":[{\"@type\":\"ListItem\",\"position\":1,\"name\":\"Seonatic\",\"item\":\"https:\/\/seonatic.com\/hr\/\"},{\"@type\":\"ListItem\",\"position\":2,\"name\":\"Web kola\u010di\u0107i\"}]},{\"@type\":\"WebSite\",\"@id\":\"https:\/\/seonatic.com\/hr\/#website\",\"url\":\"https:\/\/seonatic.com\/hr\/\",\"name\":\"Digitalna Marketin\u0161ka Agencija Seonatic\",\"description\":\"Inovativna marketin\u0161ka agencija za poduze\u0107a svih veli\u010dina\",\"publisher\":{\"@id\":\"https:\/\/seonatic.com\/hr\/#organization\"},\"alternateName\":\"Seonatic\",\"potentialAction\":[{\"@type\":\"SearchAction\",\"target\":{\"@type\":\"EntryPoint\",\"urlTemplate\":\"https:\/\/seonatic.com\/hr\/?s={search_term_string}\"},\"query-input\":{\"@type\":\"PropertyValueSpecification\",\"valueRequired\":true,\"valueName\":\"search_term_string\"}}],\"inLanguage\":\"hr\"},{\"@type\":\"Organization\",\"@id\":\"https:\/\/seonatic.com\/hr\/#organization\",\"name\":\"Marketin\u0161ka agencija Seonatic\",\"alternateName\":\"Seonatic\",\"url\":\"https:\/\/seonatic.com\/hr\/\",\"logo\":{\"@type\":\"ImageObject\",\"inLanguage\":\"hr\",\"@id\":\"https:\/\/seonatic.com\/hr\/#\/schema\/logo\/image\/\",\"url\":\"https:\/\/seonatic.com\/hr\/wp-content\/uploads\/2023\/11\/marketinska-agencija-seonatic-logo.png\",\"contentUrl\":\"https:\/\/seonatic.com\/hr\/wp-content\/uploads\/2023\/11\/marketinska-agencija-seonatic-logo.png\",\"width\":180,\"height\":60,\"caption\":\"Marketin\u0161ka agencija Seonatic\"},\"image\":{\"@id\":\"https:\/\/seonatic.com\/hr\/#\/schema\/logo\/image\/\"},\"publishingPrinciples\":\"https:\/\/seonatic.com\/hr\/opci-uvjeti\/\",\"ownershipFundingInfo\":\"https:\/\/seonatic.com\/hr\/opci-uvjeti\/\",\"actionableFeedbackPolicy\":\"https:\/\/seonatic.com\/hr\/opci-uvjeti\/\",\"correctionsPolicy\":\"https:\/\/seonatic.com\/hr\/opci-uvjeti\/\",\"ethicsPolicy\":\"https:\/\/seonatic.com\/hr\/opci-uvjeti\/\",\"diversityPolicy\":\"https:\/\/seonatic.com\/hr\/opci-uvjeti\/\",\"diversityStaffingReport\":\"https:\/\/seonatic.com\/hr\/opci-uvjeti\/\"}]}<\/script>\n<!-- \/ Yoast SEO Premium plugin. -->","yoast_head_json":{"title":"Web kola\u010di\u0107i | Digitalna Marketin\u0161ka Agencija Seonatic","description":"Ova politika kola\u010di\u0107a odnosi se na web mjesto koje upravlja Seonatic. Ova politika opisuje kako koristimo kola\u010di\u0107e na na\u0161oj web stranici.","robots":{"index":"index","follow":"follow","max-snippet":"max-snippet:-1","max-image-preview":"max-image-preview:large","max-video-preview":"max-video-preview:-1"},"canonical":"https:\/\/seonatic.com\/hr\/web-kolacici\/","og_locale":"hr_HR","og_type":"article","og_title":"Web kola\u010di\u0107i","og_description":"Ova politika kola\u010di\u0107a odnosi se na web mjesto koje upravlja Seonatic. Ova politika opisuje kako koristimo kola\u010di\u0107e na na\u0161oj web stranici.","og_url":"https:\/\/seonatic.com\/hr\/web-kolacici\/","og_site_name":"Digitalna Marketin\u0161ka Agencija Seonatic","og_image":[{"width":1200,"height":800,"url":"https:\/\/seonatic.com\/hr\/wp-content\/uploads\/2023\/09\/Oglasevalska-agencija-za-digitalni-marketing.png","type":"image\/png"}],"twitter_card":"summary_large_image","twitter_misc":{"Procijenjeno vrijeme \u010ditanja":"2 minute"},"schema":{"@context":"https:\/\/schema.org","@graph":[{"@type":"WebPage","@id":"https:\/\/seonatic.com\/hr\/web-kolacici\/","url":"https:\/\/seonatic.com\/hr\/web-kolacici\/","name":"Web kola\u010di\u0107i | Digitalna Marketin\u0161ka Agencija Seonatic","isPartOf":{"@id":"https:\/\/seonatic.com\/hr\/#website"},"datePublished":"2024-02-21T11:49:53+00:00","dateModified":"2024-02-21T11:49:53+00:00","description":"Ova politika kola\u010di\u0107a odnosi se na web mjesto koje upravlja Seonatic. Ova politika opisuje kako koristimo kola\u010di\u0107e na na\u0161oj web stranici.","breadcrumb":{"@id":"https:\/\/seonatic.com\/hr\/web-kolacici\/#breadcrumb"},"inLanguage":"hr","potentialAction":[{"@type":"ReadAction","target":["https:\/\/seonatic.com\/hr\/web-kolacici\/"]}]},{"@type":"BreadcrumbList","@id":"https:\/\/seonatic.com\/hr\/web-kolacici\/#breadcrumb","itemListElement":[{"@type":"ListItem","position":1,"name":"Seonatic","item":"https:\/\/seonatic.com\/hr\/"},{"@type":"ListItem","position":2,"name":"Web kola\u010di\u0107i"}]},{"@type":"WebSite","@id":"https:\/\/seonatic.com\/hr\/#website","url":"https:\/\/seonatic.com\/hr\/","name":"Digitalna Marketin\u0161ka Agencija Seonatic","description":"Inovativna marketin\u0161ka agencija za poduze\u0107a svih veli\u010dina","publisher":{"@id":"https:\/\/seonatic.com\/hr\/#organization"},"alternateName":"Seonatic","potentialAction":[{"@type":"SearchAction","target":{"@type":"EntryPoint","urlTemplate":"https:\/\/seonatic.com\/hr\/?s={search_term_string}"},"query-input":{"@type":"PropertyValueSpecification","valueRequired":true,"valueName":"search_term_string"}}],"inLanguage":"hr"},{"@type":"Organization","@id":"https:\/\/seonatic.com\/hr\/#organization","name":"Marketin\u0161ka agencija Seonatic","alternateName":"Seonatic","url":"https:\/\/seonatic.com\/hr\/","logo":{"@type":"ImageObject","inLanguage":"hr","@id":"https:\/\/seonatic.com\/hr\/#\/schema\/logo\/image\/","url":"https:\/\/seonatic.com\/hr\/wp-content\/uploads\/2023\/11\/marketinska-agencija-seonatic-logo.png","contentUrl":"https:\/\/seonatic.com\/hr\/wp-content\/uploads\/2023\/11\/marketinska-agencija-seonatic-logo.png","width":180,"height":60,"caption":"Marketin\u0161ka agencija Seonatic"},"image":{"@id":"https:\/\/seonatic.com\/hr\/#\/schema\/logo\/image\/"},"publishingPrinciples":"https:\/\/seonatic.com\/hr\/opci-uvjeti\/","ownershipFundingInfo":"https:\/\/seonatic.com\/hr\/opci-uvjeti\/","actionableFeedbackPolicy":"https:\/\/seonatic.com\/hr\/opci-uvjeti\/","correctionsPolicy":"https:\/\/seonatic.com\/hr\/opci-uvjeti\/","ethicsPolicy":"https:\/\/seonatic.com\/hr\/opci-uvjeti\/","diversityPolicy":"https:\/\/seonatic.com\/hr\/opci-uvjeti\/","diversityStaffingReport":"https:\/\/seonatic.com\/hr\/opci-uvjeti\/"}]}},"_links":{"self":[{"href":"https:\/\/seonatic.com\/hr\/wp-json\/wp\/v2\/pages\/1468","targetHints":{"allow":["GET"]}}],"collection":[{"href":"https:\/\/seonatic.com\/hr\/wp-json\/wp\/v2\/pages"}],"about":[{"href":"https:\/\/seonatic.com\/hr\/wp-json\/wp\/v2\/types\/page"}],"author":[{"embeddable":true,"href":"https:\/\/seonatic.com\/hr\/wp-json\/wp\/v2\/users\/1"}],"replies":[{"embeddable":true,"href":"https:\/\/seonatic.com\/hr\/wp-json\/wp\/v2\/comments?post=1468"}],"version-history":[{"count":5,"href":"https:\/\/seonatic.com\/hr\/wp-json\/wp\/v2\/pages\/1468\/revisions"}],"predecessor-version":[{"id":6044,"href":"https:\/\/seonatic.com\/hr\/wp-json\/wp\/v2\/pages\/1468\/revisions\/6044"}],"wp:attachment":[{"href":"https:\/\/seonatic.com\/hr\/wp-json\/wp\/v2\/media?parent=1468"}],"curies":[{"name":"wp","href":"https:\/\/api.w.org\/{rel}","templated":true}]}}