{"id":1456,"date":"2024-02-21T12:49:51","date_gmt":"2024-02-21T11:49:51","guid":{"rendered":"https:\/\/seonatic.com\/hr\/?page_id=1456"},"modified":"2024-02-21T12:49:51","modified_gmt":"2024-02-21T11:49:51","slug":"opci-uvjeti","status":"publish","type":"page","link":"https:\/\/seonatic.com\/hr\/opci-uvjeti\/","title":{"rendered":"Op\u0107i uvjeti"},"content":{"rendered":"\t\t<div data-elementor-type=\"wp-page\" data-elementor-id=\"1456\" class=\"elementor elementor-1456\" data-elementor-post-type=\"page\">\n\t\t\t\t\t\t<section class=\"elementor-section elementor-top-section elementor-element elementor-element-e56a979 elementor-section-boxed elementor-section-height-default elementor-section-height-default\" data-id=\"e56a979\" data-element_type=\"section\">\n\t\t\t\t\t\t<div class=\"elementor-container elementor-column-gap-default\">\n\t\t\t\t\t<div class=\"elementor-column elementor-col-100 elementor-top-column elementor-element elementor-element-695b990\" data-id=\"695b990\" data-element_type=\"column\">\n\t\t\t<div class=\"elementor-widget-wrap elementor-element-populated\">\n\t\t\t\t\t\t<div class=\"elementor-element elementor-element-8a8852e elementor-widget elementor-widget-text-editor\" data-id=\"8a8852e\" data-element_type=\"widget\" data-widget_type=\"text-editor.default\">\n\t\t\t\t<div class=\"elementor-widget-container\">\n\t\t\t\t\t\t\t\t\t<section class=\"elementor-section elementor-top-section elementor-element elementor-element-b182935 elementor-section-boxed elementor-section-height-default elementor-section-height-default\" data-id=\"b182935\" data-element_type=\"section\"><div class=\"elementor-container elementor-column-gap-default\"><div class=\"elementor-column elementor-col-100 elementor-top-column elementor-element elementor-element-f0b86bc\" data-id=\"f0b86bc\" data-element_type=\"column\"><div class=\"elementor-widget-wrap elementor-element-populated\"><div class=\"elementor-element elementor-element-7223420 elementor-widget elementor-widget-heading\" data-id=\"7223420\" data-element_type=\"widget\" data-widget_type=\"heading.default\"><div class=\"elementor-widget-container\"><h1>Op\u0107i uvjeti (politika privatnosti)<\/h1><p>Digitalna marketin\u0161ka agencija Seonatic po\u0161tuje va\u0161u privatnost i posve\u0107ena je za\u0161titi va\u0161ih osobnih podataka.<\/p><p>Ova politika privatnosti obja\u0161njava kako prikupljamo, koristimo, dijelimo i \u0161titimo va\u0161e osobne podatke kada posjetite na\u0161u web stranicu ili koristite na\u0161e usluge.<\/p><h2>1.) Koje osobne podatke obra\u0111ujemo<\/h2><p>Obra\u0111ujemo sljede\u0107e kategorije osobnih podataka:<\/p><p>Osnovni kontakt podaci (ime, telefonski broj, e-mail);<br \/>Podaci o kori\u0161tenju na\u0161ih web stranica (klikovi na poveznice, potro\u0161eno vrijeme) i podaci o odgovoru na na\u0161e e-mail poruke;<br \/>Podaci koji su nam potrebni za ispunjenje ugovora.<\/p><h2>2.) Kako koristimo va\u0161e osobne podatke<\/h2><p>Va\u0161e osobne podatke mo\u017eemo koristiti za razli\u010dite svrhe, uklju\u010duju\u0107i:<\/p><p>Komuniciranje s vama u vezi pru\u017eanja na\u0161ih usluga i odgovaranje na va\u0161e upite;<br \/>Skapanje ugovora i ispunjenje obveza koje proizlaze iz sklopljenog ugovora;<br \/>Marketin\u0161ko komuniciranje (slanje e-maila);<br \/>Ostvarivanje bilo kakvih pravnih zahtjeva i rje\u0161avanje sporova;<br \/>Statisti\u010dke analize o kori\u0161tenju na\u0161ih web stranica.<\/p><h2>3.) Koliko dugo \u010duvamo va\u0161e osobne podatke<\/h2><p>Osnovne osobne podatke \u010duvamo dok imate status na\u0161eg registriranog korisnika na na\u0161im web stranicama. Osobne podatke koje obra\u0111ujemo na temelju va\u0161e suglasnosti \u010duvamo trajno odnosno do povla\u010denja te suglasnosti s va\u0161e strane.<\/p><p>Podatke o izdanim ra\u010dunima \u010duvamo 10 godina od izdavanja. Podatke koji su potrebni za skapanje i ispunjenje ugovora izme\u0111u vas i nas \u010duvamo jo\u0161 5 godina od ispunjenja ugovora.<\/p><p>Nakon isteka roka \u010duvanja osobne podatke u\u010dinkovito bri\u0161emo ili anonimiziramo, \u0161to zna\u010di da ih obra\u0111ujemo na takav na\u010din da se vi\u0161e nikako ne mogu povezati s vama odnosno vam pripisati.<\/p><h2>4.) Dobrovoljnost davanja podataka i posljedice nedavanja<\/h2><p>Davanje osobnih podataka je dobrovoljno. Niste du\u017eni pru\u017eiti nam osobne podatke, no u slu\u010daju da ih ne pru\u017eite, ne mo\u017eete sklopiti ugovor s nama. Koji su to podaci \u010dije nedavanje povla\u010di navedene posljedice, navest \u0107emo svaki put kada budemo od vas tra\u017eili osobne podatke.<\/p><h2>5.) Tko ima pristup va\u0161im osobnim podacima<\/h2><p>Va\u0161e osobne podatke ne proslje\u0111ujemo i ne omogu\u0107ujemo upoznavanje s njima tre\u0107im osobama (izvan tvrtke Seonatic) osim onima koji imaju s nama sklopljen pisani ugovor, na temelju kojeg obavljaju odre\u0111ene poslove vezane uz obradu podataka i koji su du\u017eni po\u0161tovati zakonodavstvo o obradi i za\u0161titi osobnih podataka (tzv. ugovorni obra\u0111iva\u010di).<\/p><p>Ugovorni obra\u0111iva\u010di kojima proslje\u0111ujemo osobne podatke su pru\u017eatelji marketin\u0161kih usluga i pru\u017eatelji usluga slanja e-mail poruka.<br \/>Ugovorni obra\u0111iva\u010di mogu osobne podatke obra\u0111ivati samo u okviru na\u0161ih uputa i osobne podatke ne smiju obra\u0111ivati za vlastite svrhe. Obavezni su, zajedno sa svojim zaposlenicima, \u010duvati povjerljivost va\u0161ih podataka.<\/p><\/div><\/div><\/div><\/div><\/div><\/section>\t\t\t\t\t\t\t\t<\/div>\n\t\t\t\t<\/div>\n\t\t\t\t\t<\/div>\n\t\t<\/div>\n\t\t\t\t\t<\/div>\n\t\t<\/section>\n\t\t\t\t<\/div>\n\t\t","protected":false},"excerpt":{"rendered":"<p>Op\u0107i uvjeti (politika privatnosti) Digitalna marketin\u0161ka agencija Seonatic po\u0161tuje va\u0161u privatnost i posve\u0107ena je za\u0161titi va\u0161ih osobnih podataka. Ova politika privatnosti obja\u0161njava kako prikupljamo, koristimo, dijelimo i \u0161titimo va\u0161e osobne podatke kada posjetite na\u0161u web stranicu ili koristite na\u0161e usluge. 1.) Koje osobne podatke obra\u0111ujemo Obra\u0111ujemo sljede\u0107e kategorije osobnih podataka: Osnovni kontakt podaci (ime, telefonski [&hellip;]<\/p>\n","protected":false},"author":1,"featured_media":0,"parent":0,"menu_order":0,"comment_status":"closed","ping_status":"closed","template":"","meta":{"site-sidebar-layout":"no-sidebar","site-content-layout":"page-builder","ast-site-content-layout":"full-width-container","site-content-style":"unboxed","site-sidebar-style":"unboxed","ast-global-header-display":"","ast-banner-title-visibility":"","ast-main-header-display":"","ast-hfb-above-header-display":"","ast-hfb-below-header-display":"","ast-hfb-mobile-header-display":"","site-post-title":"disabled","ast-breadcrumbs-content":"","ast-featured-img":"disabled","footer-sml-layout":"","theme-transparent-header-meta":"default","adv-header-id-meta":"","stick-header-meta":"","header-above-stick-meta":"","header-main-stick-meta":"","header-below-stick-meta":"","astra-migrate-meta-layouts":"set","ast-page-background-enabled":"default","ast-page-background-meta":{"desktop":{"background-color":"var(--ast-global-color-4)","background-image":"","background-repeat":"repeat","background-position":"center center","background-size":"auto","background-attachment":"scroll","background-type":"","background-media":"","overlay-type":"","overlay-color":"","overlay-opacity":"","overlay-gradient":""},"tablet":{"background-color":"","background-image":"","background-repeat":"repeat","background-position":"center center","background-size":"auto","background-attachment":"scroll","background-type":"","background-media":"","overlay-type":"","overlay-color":"","overlay-opacity":"","overlay-gradient":""},"mobile":{"background-color":"","background-image":"","background-repeat":"repeat","background-position":"center center","background-size":"auto","background-attachment":"scroll","background-type":"","background-media":"","overlay-type":"","overlay-color":"","overlay-opacity":"","overlay-gradient":""}},"ast-content-background-meta":{"desktop":{"background-color":"var(--ast-global-color-5)","background-image":"","background-repeat":"repeat","background-position":"center center","background-size":"auto","background-attachment":"scroll","background-type":"","background-media":"","overlay-type":"","overlay-color":"","overlay-opacity":"","overlay-gradient":""},"tablet":{"background-color":"var(--ast-global-color-5)","background-image":"","background-repeat":"repeat","background-position":"center center","background-size":"auto","background-attachment":"scroll","background-type":"","background-media":"","overlay-type":"","overlay-color":"","overlay-opacity":"","overlay-gradient":""},"mobile":{"background-color":"var(--ast-global-color-5)","background-image":"","background-repeat":"repeat","background-position":"center center","background-size":"auto","background-attachment":"scroll","background-type":"","background-media":"","overlay-type":"","overlay-color":"","overlay-opacity":"","overlay-gradient":""}},"footnotes":""},"class_list":["post-1456","page","type-page","status-publish","hentry"],"yoast_head":"<!-- This site is optimized with the Yoast SEO Premium plugin v22.0 (Yoast SEO v24.2) - https:\/\/yoast.com\/wordpress\/plugins\/seo\/ -->\n<title>Op\u0107i uvjeti (politika privatnosti) | Marketin\u0161ka agencija Seonatic<\/title>\n<meta name=\"description\" content=\"Digitalna marketin\u0161ka agencija Seonatic po\u0161tuje va\u0161u privatnost i posve\u0107ena je za\u0161titi va\u0161ih osobnih podataka.\" \/>\n<meta name=\"robots\" content=\"index, follow, max-snippet:-1, max-image-preview:large, max-video-preview:-1\" \/>\n<link rel=\"canonical\" href=\"https:\/\/seonatic.com\/hr\/opci-uvjeti\/\" \/>\n<meta property=\"og:locale\" content=\"hr_HR\" \/>\n<meta property=\"og:type\" content=\"article\" \/>\n<meta property=\"og:title\" content=\"Op\u0107i uvjeti\" \/>\n<meta property=\"og:description\" content=\"Digitalna marketin\u0161ka agencija Seonatic po\u0161tuje va\u0161u privatnost i posve\u0107ena je za\u0161titi va\u0161ih osobnih podataka.\" \/>\n<meta property=\"og:url\" content=\"https:\/\/seonatic.com\/hr\/opci-uvjeti\/\" \/>\n<meta property=\"og:site_name\" content=\"Digitalna Marketin\u0161ka Agencija Seonatic\" \/>\n<meta property=\"og:image\" content=\"https:\/\/seonatic.com\/hr\/wp-content\/uploads\/2023\/09\/Oglasevalska-agencija-za-digitalni-marketing.png\" \/>\n\t<meta property=\"og:image:width\" content=\"1200\" \/>\n\t<meta property=\"og:image:height\" content=\"800\" \/>\n\t<meta property=\"og:image:type\" content=\"image\/png\" \/>\n<meta name=\"twitter:card\" content=\"summary_large_image\" \/>\n<meta name=\"twitter:label1\" content=\"Procijenjeno vrijeme \u010ditanja\" \/>\n\t<meta name=\"twitter:data1\" content=\"3 minute\" \/>\n<script type=\"application\/ld+json\" class=\"yoast-schema-graph\">{\"@context\":\"https:\/\/schema.org\",\"@graph\":[{\"@type\":\"WebPage\",\"@id\":\"https:\/\/seonatic.com\/hr\/opci-uvjeti\/\",\"url\":\"https:\/\/seonatic.com\/hr\/opci-uvjeti\/\",\"name\":\"Op\u0107i uvjeti (politika privatnosti) | Marketin\u0161ka agencija Seonatic\",\"isPartOf\":{\"@id\":\"https:\/\/seonatic.com\/hr\/#website\"},\"datePublished\":\"2024-02-21T11:49:51+00:00\",\"dateModified\":\"2024-02-21T11:49:51+00:00\",\"description\":\"Digitalna marketin\u0161ka agencija Seonatic po\u0161tuje va\u0161u privatnost i posve\u0107ena je za\u0161titi va\u0161ih osobnih podataka.\",\"breadcrumb\":{\"@id\":\"https:\/\/seonatic.com\/hr\/opci-uvjeti\/#breadcrumb\"},\"inLanguage\":\"hr\",\"potentialAction\":[{\"@type\":\"ReadAction\",\"target\":[\"https:\/\/seonatic.com\/hr\/opci-uvjeti\/\"]}]},{\"@type\":\"BreadcrumbList\",\"@id\":\"https:\/\/seonatic.com\/hr\/opci-uvjeti\/#breadcrumb\",\"itemListElement\":[{\"@type\":\"ListItem\",\"position\":1,\"name\":\"Seonatic\",\"item\":\"https:\/\/seonatic.com\/hr\/\"},{\"@type\":\"ListItem\",\"position\":2,\"name\":\"Op\u0107i uvjeti\"}]},{\"@type\":\"WebSite\",\"@id\":\"https:\/\/seonatic.com\/hr\/#website\",\"url\":\"https:\/\/seonatic.com\/hr\/\",\"name\":\"Digitalna Marketin\u0161ka Agencija Seonatic\",\"description\":\"Inovativna marketin\u0161ka agencija za poduze\u0107a svih veli\u010dina\",\"publisher\":{\"@id\":\"https:\/\/seonatic.com\/hr\/#organization\"},\"alternateName\":\"Seonatic\",\"potentialAction\":[{\"@type\":\"SearchAction\",\"target\":{\"@type\":\"EntryPoint\",\"urlTemplate\":\"https:\/\/seonatic.com\/hr\/?s={search_term_string}\"},\"query-input\":{\"@type\":\"PropertyValueSpecification\",\"valueRequired\":true,\"valueName\":\"search_term_string\"}}],\"inLanguage\":\"hr\"},{\"@type\":\"Organization\",\"@id\":\"https:\/\/seonatic.com\/hr\/#organization\",\"name\":\"Marketin\u0161ka agencija Seonatic\",\"alternateName\":\"Seonatic\",\"url\":\"https:\/\/seonatic.com\/hr\/\",\"logo\":{\"@type\":\"ImageObject\",\"inLanguage\":\"hr\",\"@id\":\"https:\/\/seonatic.com\/hr\/#\/schema\/logo\/image\/\",\"url\":\"https:\/\/seonatic.com\/hr\/wp-content\/uploads\/2023\/11\/marketinska-agencija-seonatic-logo.png\",\"contentUrl\":\"https:\/\/seonatic.com\/hr\/wp-content\/uploads\/2023\/11\/marketinska-agencija-seonatic-logo.png\",\"width\":180,\"height\":60,\"caption\":\"Marketin\u0161ka agencija Seonatic\"},\"image\":{\"@id\":\"https:\/\/seonatic.com\/hr\/#\/schema\/logo\/image\/\"},\"publishingPrinciples\":\"https:\/\/seonatic.com\/hr\/opci-uvjeti\/\",\"ownershipFundingInfo\":\"https:\/\/seonatic.com\/hr\/opci-uvjeti\/\",\"actionableFeedbackPolicy\":\"https:\/\/seonatic.com\/hr\/opci-uvjeti\/\",\"correctionsPolicy\":\"https:\/\/seonatic.com\/hr\/opci-uvjeti\/\",\"ethicsPolicy\":\"https:\/\/seonatic.com\/hr\/opci-uvjeti\/\",\"diversityPolicy\":\"https:\/\/seonatic.com\/hr\/opci-uvjeti\/\",\"diversityStaffingReport\":\"https:\/\/seonatic.com\/hr\/opci-uvjeti\/\"}]}<\/script>\n<!-- \/ Yoast SEO Premium plugin. -->","yoast_head_json":{"title":"Op\u0107i uvjeti (politika privatnosti) | Marketin\u0161ka agencija Seonatic","description":"Digitalna marketin\u0161ka agencija Seonatic po\u0161tuje va\u0161u privatnost i posve\u0107ena je za\u0161titi va\u0161ih osobnih podataka.","robots":{"index":"index","follow":"follow","max-snippet":"max-snippet:-1","max-image-preview":"max-image-preview:large","max-video-preview":"max-video-preview:-1"},"canonical":"https:\/\/seonatic.com\/hr\/opci-uvjeti\/","og_locale":"hr_HR","og_type":"article","og_title":"Op\u0107i uvjeti","og_description":"Digitalna marketin\u0161ka agencija Seonatic po\u0161tuje va\u0161u privatnost i posve\u0107ena je za\u0161titi va\u0161ih osobnih podataka.","og_url":"https:\/\/seonatic.com\/hr\/opci-uvjeti\/","og_site_name":"Digitalna Marketin\u0161ka Agencija Seonatic","og_image":[{"width":1200,"height":800,"url":"https:\/\/seonatic.com\/hr\/wp-content\/uploads\/2023\/09\/Oglasevalska-agencija-za-digitalni-marketing.png","type":"image\/png"}],"twitter_card":"summary_large_image","twitter_misc":{"Procijenjeno vrijeme \u010ditanja":"3 minute"},"schema":{"@context":"https:\/\/schema.org","@graph":[{"@type":"WebPage","@id":"https:\/\/seonatic.com\/hr\/opci-uvjeti\/","url":"https:\/\/seonatic.com\/hr\/opci-uvjeti\/","name":"Op\u0107i uvjeti (politika privatnosti) | Marketin\u0161ka agencija Seonatic","isPartOf":{"@id":"https:\/\/seonatic.com\/hr\/#website"},"datePublished":"2024-02-21T11:49:51+00:00","dateModified":"2024-02-21T11:49:51+00:00","description":"Digitalna marketin\u0161ka agencija Seonatic po\u0161tuje va\u0161u privatnost i posve\u0107ena je za\u0161titi va\u0161ih osobnih podataka.","breadcrumb":{"@id":"https:\/\/seonatic.com\/hr\/opci-uvjeti\/#breadcrumb"},"inLanguage":"hr","potentialAction":[{"@type":"ReadAction","target":["https:\/\/seonatic.com\/hr\/opci-uvjeti\/"]}]},{"@type":"BreadcrumbList","@id":"https:\/\/seonatic.com\/hr\/opci-uvjeti\/#breadcrumb","itemListElement":[{"@type":"ListItem","position":1,"name":"Seonatic","item":"https:\/\/seonatic.com\/hr\/"},{"@type":"ListItem","position":2,"name":"Op\u0107i uvjeti"}]},{"@type":"WebSite","@id":"https:\/\/seonatic.com\/hr\/#website","url":"https:\/\/seonatic.com\/hr\/","name":"Digitalna Marketin\u0161ka Agencija Seonatic","description":"Inovativna marketin\u0161ka agencija za poduze\u0107a svih veli\u010dina","publisher":{"@id":"https:\/\/seonatic.com\/hr\/#organization"},"alternateName":"Seonatic","potentialAction":[{"@type":"SearchAction","target":{"@type":"EntryPoint","urlTemplate":"https:\/\/seonatic.com\/hr\/?s={search_term_string}"},"query-input":{"@type":"PropertyValueSpecification","valueRequired":true,"valueName":"search_term_string"}}],"inLanguage":"hr"},{"@type":"Organization","@id":"https:\/\/seonatic.com\/hr\/#organization","name":"Marketin\u0161ka agencija Seonatic","alternateName":"Seonatic","url":"https:\/\/seonatic.com\/hr\/","logo":{"@type":"ImageObject","inLanguage":"hr","@id":"https:\/\/seonatic.com\/hr\/#\/schema\/logo\/image\/","url":"https:\/\/seonatic.com\/hr\/wp-content\/uploads\/2023\/11\/marketinska-agencija-seonatic-logo.png","contentUrl":"https:\/\/seonatic.com\/hr\/wp-content\/uploads\/2023\/11\/marketinska-agencija-seonatic-logo.png","width":180,"height":60,"caption":"Marketin\u0161ka agencija Seonatic"},"image":{"@id":"https:\/\/seonatic.com\/hr\/#\/schema\/logo\/image\/"},"publishingPrinciples":"https:\/\/seonatic.com\/hr\/opci-uvjeti\/","ownershipFundingInfo":"https:\/\/seonatic.com\/hr\/opci-uvjeti\/","actionableFeedbackPolicy":"https:\/\/seonatic.com\/hr\/opci-uvjeti\/","correctionsPolicy":"https:\/\/seonatic.com\/hr\/opci-uvjeti\/","ethicsPolicy":"https:\/\/seonatic.com\/hr\/opci-uvjeti\/","diversityPolicy":"https:\/\/seonatic.com\/hr\/opci-uvjeti\/","diversityStaffingReport":"https:\/\/seonatic.com\/hr\/opci-uvjeti\/"}]}},"_links":{"self":[{"href":"https:\/\/seonatic.com\/hr\/wp-json\/wp\/v2\/pages\/1456","targetHints":{"allow":["GET"]}}],"collection":[{"href":"https:\/\/seonatic.com\/hr\/wp-json\/wp\/v2\/pages"}],"about":[{"href":"https:\/\/seonatic.com\/hr\/wp-json\/wp\/v2\/types\/page"}],"author":[{"embeddable":true,"href":"https:\/\/seonatic.com\/hr\/wp-json\/wp\/v2\/users\/1"}],"replies":[{"embeddable":true,"href":"https:\/\/seonatic.com\/hr\/wp-json\/wp\/v2\/comments?post=1456"}],"version-history":[{"count":5,"href":"https:\/\/seonatic.com\/hr\/wp-json\/wp\/v2\/pages\/1456\/revisions"}],"predecessor-version":[{"id":6048,"href":"https:\/\/seonatic.com\/hr\/wp-json\/wp\/v2\/pages\/1456\/revisions\/6048"}],"wp:attachment":[{"href":"https:\/\/seonatic.com\/hr\/wp-json\/wp\/v2\/media?parent=1456"}],"curies":[{"name":"wp","href":"https:\/\/api.w.org\/{rel}","templated":true}]}}