{"id":1468,"date":"2024-02-21T12:51:57","date_gmt":"2024-02-21T11:51:57","guid":{"rendered":"https:\/\/seonatic.com\/ba\/?page_id=1468"},"modified":"2024-02-21T12:51:57","modified_gmt":"2024-02-21T11:51:57","slug":"web-kolacici","status":"publish","type":"page","link":"https:\/\/seonatic.com\/ba\/web-kolacici\/","title":{"rendered":"Web kola\u010di\u0107i"},"content":{"rendered":"\t\t<div data-elementor-type=\"wp-page\" data-elementor-id=\"1468\" class=\"elementor elementor-1468\" data-elementor-post-type=\"page\">\n\t\t\t\t\t\t<section class=\"elementor-section elementor-top-section elementor-element elementor-element-174de3f elementor-section-boxed elementor-section-height-default elementor-section-height-default\" data-id=\"174de3f\" data-element_type=\"section\">\n\t\t\t\t\t\t<div class=\"elementor-container elementor-column-gap-default\">\n\t\t\t\t\t<div class=\"elementor-column elementor-col-100 elementor-top-column elementor-element elementor-element-4b35c42\" data-id=\"4b35c42\" data-element_type=\"column\">\n\t\t\t<div class=\"elementor-widget-wrap elementor-element-populated\">\n\t\t\t\t\t\t<div class=\"elementor-element elementor-element-54a6bd6 elementor-widget elementor-widget-text-editor\" data-id=\"54a6bd6\" data-element_type=\"widget\" data-widget_type=\"text-editor.default\">\n\t\t\t\t<div class=\"elementor-widget-container\">\n\t\t\t\t\t\t\t\t\t<h1>Web kola\u010di\u0107i<\/h1><p>Ova politika kola\u010di\u0107a odnosi se na web stranicu koju upravlja Seonatic. Ova politika opisuje kako koristimo kola\u010di\u0107e na na\u0161oj web stranici.<\/p><h2>\u0160ta su kola\u010di\u0107i?<\/h2><p>Kola\u010di\u0107i su male tekstualne datoteke koje se postavljaju na va\u0161 ra\u010dunar ili mobilni ure\u0111aj kada posjetite na\u0161u web stranicu.<br \/>Koriste se za pohranjivanje i primanje identifikatora i drugih informacija na ure\u0111ajima. Poma\u017eu nam da zapamtimo va\u0161e preference, razumijemo kako se na\u0161a web stranica koristi, i prilagodimo na\u0161 sadr\u017eaj va\u0161im potrebama.<\/p><h2>Vrste kola\u010di\u0107a koje koristimo<\/h2><p>Sesijalni kola\u010di\u0107i: To su privremeni kola\u010di\u0107i koji ostaju u datoteci kola\u010di\u0107a va\u0161eg preglednika dok ne napustite na\u0161u web stranicu.<br \/>Trajni kola\u010di\u0107i: Oni ostaju u datoteci kola\u010di\u0107a va\u0161eg preglednika puno du\u017ee, \u010dak i nakon \u0161to napustite na\u0161u web stranicu. Koliko dugo ovi kola\u010di\u0107i ostaju na va\u0161em ure\u0111aju zavisi od &#8220;\u017eivotnog vijeka&#8221; pojedinog kola\u010di\u0107a i postavki va\u0161eg preglednika.<br \/>Kola\u010di\u0107i za performanse: Ovi kola\u010di\u0107i prikupljaju anonimne informacije o posje\u0107enim stranicama.<br \/>Funkcionalni kola\u010di\u0107i: Ovi kola\u010di\u0107i zapamte izbore koje napravite da bi pobolj\u0161ali va\u0161e iskustvo.<\/p><h2>Za\u0161to koristimo kola\u010di\u0107e<\/h2><p>Kola\u010di\u0107e koristimo iz vi\u0161e razloga. Omogu\u0107avaju nam da pru\u017eimo bolje funkcionisanje i korisni\u010dko iskustvo na na\u0161oj web stranici. Me\u0111u ostalim, poma\u017eu pratiti va\u0161e interakcije sa na\u0161om web stranicom i omogu\u0107avaju nam prilago\u0111avanje sadr\u017eaja koji vam je prikazan, na osnovu va\u0161ih preferencija.<\/p><p>Osim toga, kola\u010di\u0107i poma\u017eu u osiguravanju sigurnosti na\u0161e web stranice i omogu\u0107avaju odre\u0111ene funkcionalnosti, kao \u0161to su prijava na ra\u010dun i dodavanje proizvoda u korpu.<\/p><p>Uz pomo\u0107 kola\u010di\u0107a tako\u0111er mo\u017eemo analizirati posje\u0107enost na\u0161e web stranice i efikasnost na\u0161ih marketin\u0161kih napora.<\/p>\t\t\t\t\t\t\t\t<\/div>\n\t\t\t\t<\/div>\n\t\t\t\t\t<\/div>\n\t\t<\/div>\n\t\t\t\t\t<\/div>\n\t\t<\/section>\n\t\t\t\t<\/div>\n\t\t","protected":false},"excerpt":{"rendered":"<p>Web kola\u010di\u0107i Ova politika kola\u010di\u0107a odnosi se na web stranicu koju upravlja Seonatic. Ova politika opisuje kako koristimo kola\u010di\u0107e na na\u0161oj web stranici. \u0160ta su kola\u010di\u0107i? Kola\u010di\u0107i su male tekstualne datoteke koje se postavljaju na va\u0161 ra\u010dunar ili mobilni ure\u0111aj kada posjetite na\u0161u web stranicu.Koriste se za pohranjivanje i primanje identifikatora i drugih informacija na [&hellip;]<\/p>\n","protected":false},"author":1,"featured_media":0,"parent":0,"menu_order":0,"comment_status":"closed","ping_status":"closed","template":"","meta":{"site-sidebar-layout":"no-sidebar","site-content-layout":"page-builder","ast-site-content-layout":"full-width-container","site-content-style":"unboxed","site-sidebar-style":"unboxed","ast-global-header-display":"","ast-banner-title-visibility":"","ast-main-header-display":"","ast-hfb-above-header-display":"","ast-hfb-below-header-display":"","ast-hfb-mobile-header-display":"","site-post-title":"disabled","ast-breadcrumbs-content":"","ast-featured-img":"disabled","footer-sml-layout":"","theme-transparent-header-meta":"default","adv-header-id-meta":"","stick-header-meta":"","header-above-stick-meta":"","header-main-stick-meta":"","header-below-stick-meta":"","astra-migrate-meta-layouts":"set","ast-page-background-enabled":"default","ast-page-background-meta":{"desktop":{"background-color":"var(--ast-global-color-4)","background-image":"","background-repeat":"repeat","background-position":"center center","background-size":"auto","background-attachment":"scroll","background-type":"","background-media":"","overlay-type":"","overlay-color":"","overlay-opacity":"","overlay-gradient":""},"tablet":{"background-color":"","background-image":"","background-repeat":"repeat","background-position":"center center","background-size":"auto","background-attachment":"scroll","background-type":"","background-media":"","overlay-type":"","overlay-color":"","overlay-opacity":"","overlay-gradient":""},"mobile":{"background-color":"","background-image":"","background-repeat":"repeat","background-position":"center center","background-size":"auto","background-attachment":"scroll","background-type":"","background-media":"","overlay-type":"","overlay-color":"","overlay-opacity":"","overlay-gradient":""}},"ast-content-background-meta":{"desktop":{"background-color":"var(--ast-global-color-5)","background-image":"","background-repeat":"repeat","background-position":"center center","background-size":"auto","background-attachment":"scroll","background-type":"","background-media":"","overlay-type":"","overlay-color":"","overlay-opacity":"","overlay-gradient":""},"tablet":{"background-color":"var(--ast-global-color-5)","background-image":"","background-repeat":"repeat","background-position":"center center","background-size":"auto","background-attachment":"scroll","background-type":"","background-media":"","overlay-type":"","overlay-color":"","overlay-opacity":"","overlay-gradient":""},"mobile":{"background-color":"var(--ast-global-color-5)","background-image":"","background-repeat":"repeat","background-position":"center center","background-size":"auto","background-attachment":"scroll","background-type":"","background-media":"","overlay-type":"","overlay-color":"","overlay-opacity":"","overlay-gradient":""}},"footnotes":""},"class_list":["post-1468","page","type-page","status-publish","hentry"],"yoast_head":"<!-- This site is optimized with the Yoast SEO Premium plugin v22.2 (Yoast SEO v24.2) - https:\/\/yoast.com\/wordpress\/plugins\/seo\/ -->\n<title>Web kola\u010di\u0107i | Marketin\u0161ka agencija Seonatic<\/title>\n<meta name=\"description\" content=\"Kola\u010di\u0107i su male tekstualne datoteke koje se postavljaju na va\u0161 ra\u010dunar ili mobilni ure\u0111aj kada posjetite na\u0161u web stranicu.\" \/>\n<meta name=\"robots\" content=\"index, follow, max-snippet:-1, max-image-preview:large, max-video-preview:-1\" \/>\n<link rel=\"canonical\" href=\"https:\/\/seonatic.com\/ba\/web-kolacici\/\" \/>\n<meta property=\"og:locale\" content=\"bs_BA\" \/>\n<meta property=\"og:type\" content=\"article\" \/>\n<meta property=\"og:title\" content=\"Web kola\u010di\u0107i\" \/>\n<meta property=\"og:description\" content=\"Kola\u010di\u0107i su male tekstualne datoteke koje se postavljaju na va\u0161 ra\u010dunar ili mobilni ure\u0111aj kada posjetite na\u0161u web stranicu.\" \/>\n<meta property=\"og:url\" content=\"https:\/\/seonatic.com\/ba\/web-kolacici\/\" \/>\n<meta property=\"og:site_name\" content=\"Digitalna Marketin\u0161ka Agencija Seonatic\" \/>\n<meta property=\"og:image\" content=\"https:\/\/seonatic.com\/ba\/wp-content\/uploads\/2023\/09\/Oglasevalska-agencija-za-digitalni-marketing.png\" \/>\n\t<meta property=\"og:image:width\" content=\"1200\" \/>\n\t<meta property=\"og:image:height\" content=\"800\" \/>\n\t<meta property=\"og:image:type\" content=\"image\/png\" \/>\n<meta name=\"twitter:card\" content=\"summary_large_image\" \/>\n<meta name=\"twitter:label1\" content=\"Est. reading time\" \/>\n\t<meta name=\"twitter:data1\" content=\"2 minute\" \/>\n<script type=\"application\/ld+json\" class=\"yoast-schema-graph\">{\"@context\":\"https:\/\/schema.org\",\"@graph\":[{\"@type\":\"WebPage\",\"@id\":\"https:\/\/seonatic.com\/ba\/web-kolacici\/\",\"url\":\"https:\/\/seonatic.com\/ba\/web-kolacici\/\",\"name\":\"Web kola\u010di\u0107i | Marketin\u0161ka agencija Seonatic\",\"isPartOf\":{\"@id\":\"https:\/\/seonatic.com\/ba\/#website\"},\"datePublished\":\"2024-02-21T11:51:57+00:00\",\"dateModified\":\"2024-02-21T11:51:57+00:00\",\"description\":\"Kola\u010di\u0107i su male tekstualne datoteke koje se postavljaju na va\u0161 ra\u010dunar ili mobilni ure\u0111aj kada posjetite na\u0161u web stranicu.\",\"breadcrumb\":{\"@id\":\"https:\/\/seonatic.com\/ba\/web-kolacici\/#breadcrumb\"},\"inLanguage\":\"bs-BA\",\"potentialAction\":[{\"@type\":\"ReadAction\",\"target\":[\"https:\/\/seonatic.com\/ba\/web-kolacici\/\"]}]},{\"@type\":\"BreadcrumbList\",\"@id\":\"https:\/\/seonatic.com\/ba\/web-kolacici\/#breadcrumb\",\"itemListElement\":[{\"@type\":\"ListItem\",\"position\":1,\"name\":\"Seonatic\",\"item\":\"https:\/\/seonatic.com\/ba\/\"},{\"@type\":\"ListItem\",\"position\":2,\"name\":\"Web kola\u010di\u0107i\"}]},{\"@type\":\"WebSite\",\"@id\":\"https:\/\/seonatic.com\/ba\/#website\",\"url\":\"https:\/\/seonatic.com\/ba\/\",\"name\":\"Digitalna Marketin\u0161ka Agencija Seonatic\",\"description\":\"Inovativna digitalna marketin\u0161ka agencija za poduze\u0107a svih veli\u010dina\",\"publisher\":{\"@id\":\"https:\/\/seonatic.com\/ba\/#organization\"},\"alternateName\":\"Seonatic\",\"potentialAction\":[{\"@type\":\"SearchAction\",\"target\":{\"@type\":\"EntryPoint\",\"urlTemplate\":\"https:\/\/seonatic.com\/ba\/?s={search_term_string}\"},\"query-input\":{\"@type\":\"PropertyValueSpecification\",\"valueRequired\":true,\"valueName\":\"search_term_string\"}}],\"inLanguage\":\"bs-BA\"},{\"@type\":\"Organization\",\"@id\":\"https:\/\/seonatic.com\/ba\/#organization\",\"name\":\"Marketin\u0161ka agencija Seonatic\",\"alternateName\":\"Seonatic\",\"url\":\"https:\/\/seonatic.com\/ba\/\",\"logo\":{\"@type\":\"ImageObject\",\"inLanguage\":\"bs-BA\",\"@id\":\"https:\/\/seonatic.com\/ba\/#\/schema\/logo\/image\/\",\"url\":\"https:\/\/seonatic.com\/ba\/wp-content\/uploads\/2023\/11\/marketinska-agencija-seonatic-logo.png\",\"contentUrl\":\"https:\/\/seonatic.com\/ba\/wp-content\/uploads\/2023\/11\/marketinska-agencija-seonatic-logo.png\",\"width\":180,\"height\":60,\"caption\":\"Marketin\u0161ka agencija Seonatic\"},\"image\":{\"@id\":\"https:\/\/seonatic.com\/ba\/#\/schema\/logo\/image\/\"},\"publishingPrinciples\":\"https:\/\/seonatic.com\/ba\/politika-privatnosti\/\",\"ownershipFundingInfo\":\"https:\/\/seonatic.com\/ba\/politika-privatnosti\/\",\"actionableFeedbackPolicy\":\"https:\/\/seonatic.com\/ba\/politika-privatnosti\/\",\"correctionsPolicy\":\"https:\/\/seonatic.com\/ba\/politika-privatnosti\/\",\"ethicsPolicy\":\"https:\/\/seonatic.com\/ba\/politika-privatnosti\/\",\"diversityPolicy\":\"https:\/\/seonatic.com\/ba\/politika-privatnosti\/\",\"diversityStaffingReport\":\"https:\/\/seonatic.com\/ba\/politika-privatnosti\/\"}]}<\/script>\n<!-- \/ Yoast SEO Premium plugin. -->","yoast_head_json":{"title":"Web kola\u010di\u0107i | Marketin\u0161ka agencija Seonatic","description":"Kola\u010di\u0107i su male tekstualne datoteke koje se postavljaju na va\u0161 ra\u010dunar ili mobilni ure\u0111aj kada posjetite na\u0161u web stranicu.","robots":{"index":"index","follow":"follow","max-snippet":"max-snippet:-1","max-image-preview":"max-image-preview:large","max-video-preview":"max-video-preview:-1"},"canonical":"https:\/\/seonatic.com\/ba\/web-kolacici\/","og_locale":"bs_BA","og_type":"article","og_title":"Web kola\u010di\u0107i","og_description":"Kola\u010di\u0107i su male tekstualne datoteke koje se postavljaju na va\u0161 ra\u010dunar ili mobilni ure\u0111aj kada posjetite na\u0161u web stranicu.","og_url":"https:\/\/seonatic.com\/ba\/web-kolacici\/","og_site_name":"Digitalna Marketin\u0161ka Agencija Seonatic","og_image":[{"width":1200,"height":800,"url":"https:\/\/seonatic.com\/ba\/wp-content\/uploads\/2023\/09\/Oglasevalska-agencija-za-digitalni-marketing.png","type":"image\/png"}],"twitter_card":"summary_large_image","twitter_misc":{"Est. reading time":"2 minute"},"schema":{"@context":"https:\/\/schema.org","@graph":[{"@type":"WebPage","@id":"https:\/\/seonatic.com\/ba\/web-kolacici\/","url":"https:\/\/seonatic.com\/ba\/web-kolacici\/","name":"Web kola\u010di\u0107i | Marketin\u0161ka agencija Seonatic","isPartOf":{"@id":"https:\/\/seonatic.com\/ba\/#website"},"datePublished":"2024-02-21T11:51:57+00:00","dateModified":"2024-02-21T11:51:57+00:00","description":"Kola\u010di\u0107i su male tekstualne datoteke koje se postavljaju na va\u0161 ra\u010dunar ili mobilni ure\u0111aj kada posjetite na\u0161u web stranicu.","breadcrumb":{"@id":"https:\/\/seonatic.com\/ba\/web-kolacici\/#breadcrumb"},"inLanguage":"bs-BA","potentialAction":[{"@type":"ReadAction","target":["https:\/\/seonatic.com\/ba\/web-kolacici\/"]}]},{"@type":"BreadcrumbList","@id":"https:\/\/seonatic.com\/ba\/web-kolacici\/#breadcrumb","itemListElement":[{"@type":"ListItem","position":1,"name":"Seonatic","item":"https:\/\/seonatic.com\/ba\/"},{"@type":"ListItem","position":2,"name":"Web kola\u010di\u0107i"}]},{"@type":"WebSite","@id":"https:\/\/seonatic.com\/ba\/#website","url":"https:\/\/seonatic.com\/ba\/","name":"Digitalna Marketin\u0161ka Agencija Seonatic","description":"Inovativna digitalna marketin\u0161ka agencija za poduze\u0107a svih veli\u010dina","publisher":{"@id":"https:\/\/seonatic.com\/ba\/#organization"},"alternateName":"Seonatic","potentialAction":[{"@type":"SearchAction","target":{"@type":"EntryPoint","urlTemplate":"https:\/\/seonatic.com\/ba\/?s={search_term_string}"},"query-input":{"@type":"PropertyValueSpecification","valueRequired":true,"valueName":"search_term_string"}}],"inLanguage":"bs-BA"},{"@type":"Organization","@id":"https:\/\/seonatic.com\/ba\/#organization","name":"Marketin\u0161ka agencija Seonatic","alternateName":"Seonatic","url":"https:\/\/seonatic.com\/ba\/","logo":{"@type":"ImageObject","inLanguage":"bs-BA","@id":"https:\/\/seonatic.com\/ba\/#\/schema\/logo\/image\/","url":"https:\/\/seonatic.com\/ba\/wp-content\/uploads\/2023\/11\/marketinska-agencija-seonatic-logo.png","contentUrl":"https:\/\/seonatic.com\/ba\/wp-content\/uploads\/2023\/11\/marketinska-agencija-seonatic-logo.png","width":180,"height":60,"caption":"Marketin\u0161ka agencija Seonatic"},"image":{"@id":"https:\/\/seonatic.com\/ba\/#\/schema\/logo\/image\/"},"publishingPrinciples":"https:\/\/seonatic.com\/ba\/politika-privatnosti\/","ownershipFundingInfo":"https:\/\/seonatic.com\/ba\/politika-privatnosti\/","actionableFeedbackPolicy":"https:\/\/seonatic.com\/ba\/politika-privatnosti\/","correctionsPolicy":"https:\/\/seonatic.com\/ba\/politika-privatnosti\/","ethicsPolicy":"https:\/\/seonatic.com\/ba\/politika-privatnosti\/","diversityPolicy":"https:\/\/seonatic.com\/ba\/politika-privatnosti\/","diversityStaffingReport":"https:\/\/seonatic.com\/ba\/politika-privatnosti\/"}]}},"_links":{"self":[{"href":"https:\/\/seonatic.com\/ba\/wp-json\/wp\/v2\/pages\/1468","targetHints":{"allow":["GET"]}}],"collection":[{"href":"https:\/\/seonatic.com\/ba\/wp-json\/wp\/v2\/pages"}],"about":[{"href":"https:\/\/seonatic.com\/ba\/wp-json\/wp\/v2\/types\/page"}],"author":[{"embeddable":true,"href":"https:\/\/seonatic.com\/ba\/wp-json\/wp\/v2\/users\/1"}],"replies":[{"embeddable":true,"href":"https:\/\/seonatic.com\/ba\/wp-json\/wp\/v2\/comments?post=1468"}],"version-history":[{"count":8,"href":"https:\/\/seonatic.com\/ba\/wp-json\/wp\/v2\/pages\/1468\/revisions"}],"predecessor-version":[{"id":6134,"href":"https:\/\/seonatic.com\/ba\/wp-json\/wp\/v2\/pages\/1468\/revisions\/6134"}],"wp:attachment":[{"href":"https:\/\/seonatic.com\/ba\/wp-json\/wp\/v2\/media?parent=1468"}],"curies":[{"name":"wp","href":"https:\/\/api.w.org\/{rel}","templated":true}]}}