{"id":1456,"date":"2024-02-21T12:51:55","date_gmt":"2024-02-21T11:51:55","guid":{"rendered":"https:\/\/seonatic.com\/ba\/?page_id=1456"},"modified":"2024-02-21T12:51:55","modified_gmt":"2024-02-21T11:51:55","slug":"politika-privatnosti","status":"publish","type":"page","link":"https:\/\/seonatic.com\/ba\/politika-privatnosti\/","title":{"rendered":"Op\u0107i uvjeti (politika privatnosti)"},"content":{"rendered":"\t\t<div data-elementor-type=\"wp-page\" data-elementor-id=\"1456\" class=\"elementor elementor-1456\" data-elementor-post-type=\"page\">\n\t\t\t\t<div class=\"elementor-element elementor-element-6dac177 e-flex e-con-boxed e-con e-parent\" data-id=\"6dac177\" data-element_type=\"container\">\n\t\t\t\t\t<div class=\"e-con-inner\">\n\t\t\t\t<div class=\"elementor-element elementor-element-7189c1c elementor-widget elementor-widget-text-editor\" data-id=\"7189c1c\" data-element_type=\"widget\" data-widget_type=\"text-editor.default\">\n\t\t\t\t<div class=\"elementor-widget-container\">\n\t\t\t\t\t\t\t\t\t<h1>Op\u0107i uvjeti (politika privatnosti)<\/h1><p>Digitalna marketin\u0161ka agencija Seonatic po\u0161tuje va\u0161u privatnost i posve\u0107ena je za\u0161titi va\u0161ih osobnih podataka.<\/p><p>Ova politika privatnosti obja\u0161njava kako prikupljamo, koristimo, dijelimo i \u0161titimo va\u0161e osobne podatke kada posjetite na\u0161u web stranicu ili koristite na\u0161e usluge.<\/p><h2>1.) Koje osobne podatke obra\u0111ujemo<\/h2><p>Obra\u0111ujemo sljede\u0107e kategorije osobnih podataka:<\/p><p>Osnovni kontakt podaci (ime, telefonski broj, e-mail);<br \/>Podaci o kori\u0161tenju na\u0161ih web stranica (klikovi na linkove, provedeno vrijeme) i podaci o odgovorima na na\u0161e e-mail poruke;<br \/>Podaci koji su nam potrebni za ispunjenje ugovora.<\/p><h2>2.) Kako koristimo va\u0161e osobne podatke<\/h2><p>Va\u0161e osobne podatke mo\u017eemo koristiti u razli\u010dite svrhe, uklju\u010duju\u0107i:<\/p><p>Komuniciranje s vama u vezi pru\u017eanja na\u0161ih usluga i odgovaranja na va\u0161e upite;<br \/>Zaklju\u010denje ugovora i ispunjavanje obveza koje proizlaze iz sklopljenog ugovora;<br \/>Marketin\u0161ka komunikacija (slanje e-maila);<br \/>Ostvarivanje bilo kakvih pravnih zahtjeva i rje\u0161avanje sporova;<br \/>Statisti\u010dke analize o kori\u0161tenju na\u0161ih web stranica.<\/p><h2>3.) Koliko dugo \u010duvamo va\u0161e osobne podatke<\/h2><p>Osnovne osobne podatke \u010duvamo vi\u0161e vremena, dok imate status na\u0161eg registriranog korisnika na na\u0161im web stranicama. Osobne podatke koje obra\u0111ujemo na temelju va\u0161e suglasnosti \u010duvamo trajno odnosno do opoziva te suglasnosti s va\u0161e strane.<\/p><p>Podatke o izdanim ra\u010dunima \u010duvamo 10 godina od izdavanja. Podatke koji su potrebni za zaklju\u010denje i ispunjenje ugovora izme\u0111u vas i nas \u010duvamo jo\u0161 5 godina od ispunjenja ugovora.<\/p><p>Nakon isteka roka \u010duvanja osobne podatke u\u010dinkovito bri\u0161emo ili anonimiziramo, \u0161to zna\u010di da ih obra\u0111ujemo na takav na\u010din da ih vi\u0161e nije mogu\u0107e povezati s vama odnosno pripisati vam.<\/p><h2>4.) Dobrovoljnost pru\u017eanja podataka i posljedice nedavanja<\/h2><p>Pru\u017eanje osobnih podataka je dobrovoljno. Niste obvezni pru\u017eiti nam osobne podatke, ali u slu\u010daju da ih ne pru\u017eite, ne mo\u017eete sklopiti ugovor s nama. Koje podatke su takvi, \u010dije nedavanje uzrokuje navedene posljedice, navest \u0107emo svaki put kada budemo prikupljali osobne podatke od vas.<\/p><h2>5.) Tko ima pristup va\u0161im osobnim podacima<\/h2><p>Va\u0161e osobne podatke ne proslje\u0111ujemo i ne omogu\u0107ujemo upoznavanje s njima tre\u0107im osobama (izvan kompanije Seonatic) osim onima koji imaju s nama sklopljen pisani ugovor, na temelju kojeg obavljaju odre\u0111ene zadatke vezane uz obradu podataka i du\u017eni su po\u0161tovati zakonodavstvo o obradi i za\u0161titi osobnih podataka (tzv. ugovorni obra\u0111iva\u010di).<\/p><p>Ugovorni obra\u0111iva\u010di kojima proslje\u0111ujemo osobne podatke su pru\u017eatelji usluga marketinga i pru\u017eatelji usluga slanja e-mail poruka.<br \/>Ugovorni obra\u0111iva\u010di mogu osobne podatke obra\u0111ivati samo u okviru na\u0161ih uputa i ne smiju obra\u0111ivati osobne podatke za svoje svrhe. Obvezni su, zajedno sa svojim zaposlenicima, \u010duvati povjerljivost va\u0161ih podataka.<\/p>\t\t\t\t\t\t\t\t<\/div>\n\t\t\t\t<\/div>\n\t\t\t\t\t<\/div>\n\t\t\t\t<\/div>\n\t\t\t\t<\/div>\n\t\t","protected":false},"excerpt":{"rendered":"<p>Op\u0107i uvjeti (politika privatnosti) Digitalna marketin\u0161ka agencija Seonatic po\u0161tuje va\u0161u privatnost i posve\u0107ena je za\u0161titi va\u0161ih osobnih podataka. Ova politika privatnosti obja\u0161njava kako prikupljamo, koristimo, dijelimo i \u0161titimo va\u0161e osobne podatke kada posjetite na\u0161u web stranicu ili koristite na\u0161e usluge. 1.) Koje osobne podatke obra\u0111ujemo Obra\u0111ujemo sljede\u0107e kategorije osobnih podataka: Osnovni kontakt podaci (ime, telefonski [&hellip;]<\/p>\n","protected":false},"author":1,"featured_media":0,"parent":0,"menu_order":0,"comment_status":"closed","ping_status":"closed","template":"","meta":{"site-sidebar-layout":"no-sidebar","site-content-layout":"page-builder","ast-site-content-layout":"full-width-container","site-content-style":"unboxed","site-sidebar-style":"unboxed","ast-global-header-display":"","ast-banner-title-visibility":"","ast-main-header-display":"","ast-hfb-above-header-display":"","ast-hfb-below-header-display":"","ast-hfb-mobile-header-display":"","site-post-title":"disabled","ast-breadcrumbs-content":"","ast-featured-img":"disabled","footer-sml-layout":"","theme-transparent-header-meta":"default","adv-header-id-meta":"","stick-header-meta":"","header-above-stick-meta":"","header-main-stick-meta":"","header-below-stick-meta":"","astra-migrate-meta-layouts":"set","ast-page-background-enabled":"default","ast-page-background-meta":{"desktop":{"background-color":"var(--ast-global-color-4)","background-image":"","background-repeat":"repeat","background-position":"center center","background-size":"auto","background-attachment":"scroll","background-type":"","background-media":"","overlay-type":"","overlay-color":"","overlay-opacity":"","overlay-gradient":""},"tablet":{"background-color":"","background-image":"","background-repeat":"repeat","background-position":"center center","background-size":"auto","background-attachment":"scroll","background-type":"","background-media":"","overlay-type":"","overlay-color":"","overlay-opacity":"","overlay-gradient":""},"mobile":{"background-color":"","background-image":"","background-repeat":"repeat","background-position":"center center","background-size":"auto","background-attachment":"scroll","background-type":"","background-media":"","overlay-type":"","overlay-color":"","overlay-opacity":"","overlay-gradient":""}},"ast-content-background-meta":{"desktop":{"background-color":"var(--ast-global-color-5)","background-image":"","background-repeat":"repeat","background-position":"center center","background-size":"auto","background-attachment":"scroll","background-type":"","background-media":"","overlay-type":"","overlay-color":"","overlay-opacity":"","overlay-gradient":""},"tablet":{"background-color":"var(--ast-global-color-5)","background-image":"","background-repeat":"repeat","background-position":"center center","background-size":"auto","background-attachment":"scroll","background-type":"","background-media":"","overlay-type":"","overlay-color":"","overlay-opacity":"","overlay-gradient":""},"mobile":{"background-color":"var(--ast-global-color-5)","background-image":"","background-repeat":"repeat","background-position":"center center","background-size":"auto","background-attachment":"scroll","background-type":"","background-media":"","overlay-type":"","overlay-color":"","overlay-opacity":"","overlay-gradient":""}},"footnotes":""},"class_list":["post-1456","page","type-page","status-publish","hentry"],"yoast_head":"<!-- This site is optimized with the Yoast SEO Premium plugin v22.2 (Yoast SEO v24.2) - https:\/\/yoast.com\/wordpress\/plugins\/seo\/ -->\n<title>Politika privatnosti | Digitalna marketin\u0161ka agencija Seonatic<\/title>\n<meta name=\"description\" content=\"Ugovorni obra\u0111iva\u010di kojima proslje\u0111ujemo osobne podatke su pru\u017eatelji usluga marketinga i pru\u017eatelji usluga slanja e-mail poruka.\" \/>\n<meta name=\"robots\" content=\"index, follow, max-snippet:-1, max-image-preview:large, max-video-preview:-1\" \/>\n<link rel=\"canonical\" href=\"https:\/\/seonatic.com\/ba\/politika-privatnosti\/\" \/>\n<meta property=\"og:locale\" content=\"bs_BA\" \/>\n<meta property=\"og:type\" content=\"article\" \/>\n<meta property=\"og:title\" content=\"Op\u0107i uvjeti (politika privatnosti)\" \/>\n<meta property=\"og:description\" content=\"Ugovorni obra\u0111iva\u010di kojima proslje\u0111ujemo osobne podatke su pru\u017eatelji usluga marketinga i pru\u017eatelji usluga slanja e-mail poruka.\" \/>\n<meta property=\"og:url\" content=\"https:\/\/seonatic.com\/ba\/politika-privatnosti\/\" \/>\n<meta property=\"og:site_name\" content=\"Digitalna Marketin\u0161ka Agencija Seonatic\" \/>\n<meta property=\"og:image\" content=\"https:\/\/seonatic.com\/ba\/wp-content\/uploads\/2023\/09\/Oglasevalska-agencija-za-digitalni-marketing.png\" \/>\n\t<meta property=\"og:image:width\" content=\"1200\" \/>\n\t<meta property=\"og:image:height\" content=\"800\" \/>\n\t<meta property=\"og:image:type\" content=\"image\/png\" \/>\n<meta name=\"twitter:card\" content=\"summary_large_image\" \/>\n<meta name=\"twitter:label1\" content=\"Est. reading time\" \/>\n\t<meta name=\"twitter:data1\" content=\"3 minute\" \/>\n<script type=\"application\/ld+json\" class=\"yoast-schema-graph\">{\"@context\":\"https:\/\/schema.org\",\"@graph\":[{\"@type\":\"WebPage\",\"@id\":\"https:\/\/seonatic.com\/ba\/politika-privatnosti\/\",\"url\":\"https:\/\/seonatic.com\/ba\/politika-privatnosti\/\",\"name\":\"Politika privatnosti | Digitalna marketin\u0161ka agencija Seonatic\",\"isPartOf\":{\"@id\":\"https:\/\/seonatic.com\/ba\/#website\"},\"datePublished\":\"2024-02-21T11:51:55+00:00\",\"dateModified\":\"2024-02-21T11:51:55+00:00\",\"description\":\"Ugovorni obra\u0111iva\u010di kojima proslje\u0111ujemo osobne podatke su pru\u017eatelji usluga marketinga i pru\u017eatelji usluga slanja e-mail poruka.\",\"breadcrumb\":{\"@id\":\"https:\/\/seonatic.com\/ba\/politika-privatnosti\/#breadcrumb\"},\"inLanguage\":\"bs-BA\",\"potentialAction\":[{\"@type\":\"ReadAction\",\"target\":[\"https:\/\/seonatic.com\/ba\/politika-privatnosti\/\"]}]},{\"@type\":\"BreadcrumbList\",\"@id\":\"https:\/\/seonatic.com\/ba\/politika-privatnosti\/#breadcrumb\",\"itemListElement\":[{\"@type\":\"ListItem\",\"position\":1,\"name\":\"Seonatic\",\"item\":\"https:\/\/seonatic.com\/ba\/\"},{\"@type\":\"ListItem\",\"position\":2,\"name\":\"Op\u0107i uvjeti (politika privatnosti)\"}]},{\"@type\":\"WebSite\",\"@id\":\"https:\/\/seonatic.com\/ba\/#website\",\"url\":\"https:\/\/seonatic.com\/ba\/\",\"name\":\"Digitalna Marketin\u0161ka Agencija Seonatic\",\"description\":\"Inovativna digitalna marketin\u0161ka agencija za poduze\u0107a svih veli\u010dina\",\"publisher\":{\"@id\":\"https:\/\/seonatic.com\/ba\/#organization\"},\"alternateName\":\"Seonatic\",\"potentialAction\":[{\"@type\":\"SearchAction\",\"target\":{\"@type\":\"EntryPoint\",\"urlTemplate\":\"https:\/\/seonatic.com\/ba\/?s={search_term_string}\"},\"query-input\":{\"@type\":\"PropertyValueSpecification\",\"valueRequired\":true,\"valueName\":\"search_term_string\"}}],\"inLanguage\":\"bs-BA\"},{\"@type\":\"Organization\",\"@id\":\"https:\/\/seonatic.com\/ba\/#organization\",\"name\":\"Marketin\u0161ka agencija Seonatic\",\"alternateName\":\"Seonatic\",\"url\":\"https:\/\/seonatic.com\/ba\/\",\"logo\":{\"@type\":\"ImageObject\",\"inLanguage\":\"bs-BA\",\"@id\":\"https:\/\/seonatic.com\/ba\/#\/schema\/logo\/image\/\",\"url\":\"https:\/\/seonatic.com\/ba\/wp-content\/uploads\/2023\/11\/marketinska-agencija-seonatic-logo.png\",\"contentUrl\":\"https:\/\/seonatic.com\/ba\/wp-content\/uploads\/2023\/11\/marketinska-agencija-seonatic-logo.png\",\"width\":180,\"height\":60,\"caption\":\"Marketin\u0161ka agencija Seonatic\"},\"image\":{\"@id\":\"https:\/\/seonatic.com\/ba\/#\/schema\/logo\/image\/\"},\"publishingPrinciples\":\"https:\/\/seonatic.com\/ba\/politika-privatnosti\/\",\"ownershipFundingInfo\":\"https:\/\/seonatic.com\/ba\/politika-privatnosti\/\",\"actionableFeedbackPolicy\":\"https:\/\/seonatic.com\/ba\/politika-privatnosti\/\",\"correctionsPolicy\":\"https:\/\/seonatic.com\/ba\/politika-privatnosti\/\",\"ethicsPolicy\":\"https:\/\/seonatic.com\/ba\/politika-privatnosti\/\",\"diversityPolicy\":\"https:\/\/seonatic.com\/ba\/politika-privatnosti\/\",\"diversityStaffingReport\":\"https:\/\/seonatic.com\/ba\/politika-privatnosti\/\"}]}<\/script>\n<!-- \/ Yoast SEO Premium plugin. -->","yoast_head_json":{"title":"Politika privatnosti | Digitalna marketin\u0161ka agencija Seonatic","description":"Ugovorni obra\u0111iva\u010di kojima proslje\u0111ujemo osobne podatke su pru\u017eatelji usluga marketinga i pru\u017eatelji usluga slanja e-mail poruka.","robots":{"index":"index","follow":"follow","max-snippet":"max-snippet:-1","max-image-preview":"max-image-preview:large","max-video-preview":"max-video-preview:-1"},"canonical":"https:\/\/seonatic.com\/ba\/politika-privatnosti\/","og_locale":"bs_BA","og_type":"article","og_title":"Op\u0107i uvjeti (politika privatnosti)","og_description":"Ugovorni obra\u0111iva\u010di kojima proslje\u0111ujemo osobne podatke su pru\u017eatelji usluga marketinga i pru\u017eatelji usluga slanja e-mail poruka.","og_url":"https:\/\/seonatic.com\/ba\/politika-privatnosti\/","og_site_name":"Digitalna Marketin\u0161ka Agencija Seonatic","og_image":[{"width":1200,"height":800,"url":"https:\/\/seonatic.com\/ba\/wp-content\/uploads\/2023\/09\/Oglasevalska-agencija-za-digitalni-marketing.png","type":"image\/png"}],"twitter_card":"summary_large_image","twitter_misc":{"Est. reading time":"3 minute"},"schema":{"@context":"https:\/\/schema.org","@graph":[{"@type":"WebPage","@id":"https:\/\/seonatic.com\/ba\/politika-privatnosti\/","url":"https:\/\/seonatic.com\/ba\/politika-privatnosti\/","name":"Politika privatnosti | Digitalna marketin\u0161ka agencija Seonatic","isPartOf":{"@id":"https:\/\/seonatic.com\/ba\/#website"},"datePublished":"2024-02-21T11:51:55+00:00","dateModified":"2024-02-21T11:51:55+00:00","description":"Ugovorni obra\u0111iva\u010di kojima proslje\u0111ujemo osobne podatke su pru\u017eatelji usluga marketinga i pru\u017eatelji usluga slanja e-mail poruka.","breadcrumb":{"@id":"https:\/\/seonatic.com\/ba\/politika-privatnosti\/#breadcrumb"},"inLanguage":"bs-BA","potentialAction":[{"@type":"ReadAction","target":["https:\/\/seonatic.com\/ba\/politika-privatnosti\/"]}]},{"@type":"BreadcrumbList","@id":"https:\/\/seonatic.com\/ba\/politika-privatnosti\/#breadcrumb","itemListElement":[{"@type":"ListItem","position":1,"name":"Seonatic","item":"https:\/\/seonatic.com\/ba\/"},{"@type":"ListItem","position":2,"name":"Op\u0107i uvjeti (politika privatnosti)"}]},{"@type":"WebSite","@id":"https:\/\/seonatic.com\/ba\/#website","url":"https:\/\/seonatic.com\/ba\/","name":"Digitalna Marketin\u0161ka Agencija Seonatic","description":"Inovativna digitalna marketin\u0161ka agencija za poduze\u0107a svih veli\u010dina","publisher":{"@id":"https:\/\/seonatic.com\/ba\/#organization"},"alternateName":"Seonatic","potentialAction":[{"@type":"SearchAction","target":{"@type":"EntryPoint","urlTemplate":"https:\/\/seonatic.com\/ba\/?s={search_term_string}"},"query-input":{"@type":"PropertyValueSpecification","valueRequired":true,"valueName":"search_term_string"}}],"inLanguage":"bs-BA"},{"@type":"Organization","@id":"https:\/\/seonatic.com\/ba\/#organization","name":"Marketin\u0161ka agencija Seonatic","alternateName":"Seonatic","url":"https:\/\/seonatic.com\/ba\/","logo":{"@type":"ImageObject","inLanguage":"bs-BA","@id":"https:\/\/seonatic.com\/ba\/#\/schema\/logo\/image\/","url":"https:\/\/seonatic.com\/ba\/wp-content\/uploads\/2023\/11\/marketinska-agencija-seonatic-logo.png","contentUrl":"https:\/\/seonatic.com\/ba\/wp-content\/uploads\/2023\/11\/marketinska-agencija-seonatic-logo.png","width":180,"height":60,"caption":"Marketin\u0161ka agencija Seonatic"},"image":{"@id":"https:\/\/seonatic.com\/ba\/#\/schema\/logo\/image\/"},"publishingPrinciples":"https:\/\/seonatic.com\/ba\/politika-privatnosti\/","ownershipFundingInfo":"https:\/\/seonatic.com\/ba\/politika-privatnosti\/","actionableFeedbackPolicy":"https:\/\/seonatic.com\/ba\/politika-privatnosti\/","correctionsPolicy":"https:\/\/seonatic.com\/ba\/politika-privatnosti\/","ethicsPolicy":"https:\/\/seonatic.com\/ba\/politika-privatnosti\/","diversityPolicy":"https:\/\/seonatic.com\/ba\/politika-privatnosti\/","diversityStaffingReport":"https:\/\/seonatic.com\/ba\/politika-privatnosti\/"}]}},"_links":{"self":[{"href":"https:\/\/seonatic.com\/ba\/wp-json\/wp\/v2\/pages\/1456","targetHints":{"allow":["GET"]}}],"collection":[{"href":"https:\/\/seonatic.com\/ba\/wp-json\/wp\/v2\/pages"}],"about":[{"href":"https:\/\/seonatic.com\/ba\/wp-json\/wp\/v2\/types\/page"}],"author":[{"embeddable":true,"href":"https:\/\/seonatic.com\/ba\/wp-json\/wp\/v2\/users\/1"}],"replies":[{"embeddable":true,"href":"https:\/\/seonatic.com\/ba\/wp-json\/wp\/v2\/comments?post=1456"}],"version-history":[{"count":8,"href":"https:\/\/seonatic.com\/ba\/wp-json\/wp\/v2\/pages\/1456\/revisions"}],"predecessor-version":[{"id":6141,"href":"https:\/\/seonatic.com\/ba\/wp-json\/wp\/v2\/pages\/1456\/revisions\/6141"}],"wp:attachment":[{"href":"https:\/\/seonatic.com\/ba\/wp-json\/wp\/v2\/media?parent=1456"}],"curies":[{"name":"wp","href":"https:\/\/api.w.org\/{rel}","templated":true}]}}